{"id":324,"date":"2022-01-30T16:32:05","date_gmt":"2022-01-30T15:32:05","guid":{"rendered":"http:\/\/occ.esadorleans.fr\/europa-2022\/?page_id=324"},"modified":"2022-01-30T22:45:50","modified_gmt":"2022-01-30T21:45:50","slug":"eurofabrique","status":"publish","type":"page","link":"https:\/\/occ.esadorleans.fr\/europa-2022\/eurofabrique\/","title":{"rendered":"EuroFabrique \u2022 Grand Palais\u00a0\u00c9ph\u00e9m\u00e8re"},"content":{"rendered":"\n<div class=\"wp-block-image\"><figure class=\"aligncenter size-full is-resized\"><img loading=\"lazy\" decoding=\"async\" src=\"http:\/\/occ.esadorleans.fr\/europa-2022\/wp-content\/uploads\/sites\/10\/2022\/01\/europia-juliette-clapson.jpeg\" alt=\"\" class=\"wp-image-329\" width=\"835\" height=\"549\" srcset=\"https:\/\/occ.esadorleans.fr\/europa-2022\/wp-content\/uploads\/sites\/10\/2022\/01\/europia-juliette-clapson.jpeg 720w, https:\/\/occ.esadorleans.fr\/europa-2022\/wp-content\/uploads\/sites\/10\/2022\/01\/europia-juliette-clapson-300x197.jpeg 300w, https:\/\/occ.esadorleans.fr\/europa-2022\/wp-content\/uploads\/sites\/10\/2022\/01\/europia-juliette-clapson-508x334.jpeg 508w\" sizes=\"auto, (max-width: 835px) 100vw, 835px\" \/><figcaption><em>Europia \u00a9 Juliette Clapson<\/em><br><br><\/figcaption><\/figure><\/div>\n\n\n\n<p>\u00ab\u00a0Du 7 au 10 f\u00e9vrier 2022, dans le cadre de la Pr\u00e9sidence Fran\u00e7aise de l\u2019Union Europ\u00e9enne, le Grand Palais&nbsp;\u00c9ph\u00e9m\u00e8re pr\u00e9sente EuroFabrique (ouverture au public le 10 f\u00e9vrier 2022).<\/p>\n\n\n\n<p>[br]R\u00e9inventer l\u2019Europe : au coeur d\u2019EuroFabrique, le d\u00e9sir de donner la parole \u00e0 la jeunesse europ\u00e9enne, pour interroger l\u2019id\u00e9e d\u2019Europe et imaginer son futur.<\/p>\n\n\n\n<p>[br]Aujourd&rsquo;hui, qu\u2019est-ce qu\u2019\u00eatre europ\u00e9en ? Comment faire de l\u2019Europe un milieu et un horizon d\u00e9sirables ? Comment la connecter au reste du monde, par quels principes, liens et attachements ? Et si l\u2019Europe est un projet, comment le r\u00e9enchanter ? Telles sont les questions qui seront au c\u0153ur d\u2019un Grand Palais \u00c9ph\u00e9m\u00e8re avec l\u2019\u00e9v\u00e9nement&nbsp;<em style=\"user-select: auto;\">EuroFabrique<\/em>.<\/p>\n\n\n\n<p>[br]Cr\u00e9\u00e9 avec l\u2019\u00c9cole des Arts D\u00e9coratifs \u2013 Paris et l\u2019ANdEA \u2013 Association nationale des \u00e9coles sup\u00e9rieures d\u2019art,&nbsp;<em style=\"user-select: auto;\">EuroFabrique&nbsp;<\/em>se pr\u00e9sente comme une agora et une grande \u00e9cole d\u2019art et design europ\u00e9enne f\u00e9d\u00e9rant l\u2019\u00e9nergie et la cr\u00e9ativit\u00e9 de jeunes artistes et designers en devenir en provenance de toute l\u2019Europe, le tout en utilisant principalement des mat\u00e9riaux de r\u00e9emploi.<\/p>\n\n\n\n<p>[br]Pendant quatre jours, 400 \u00e9tudiants d\u2019\u00e9coles sup\u00e9rieures d\u2019arts fran\u00e7aises et europ\u00e9ennes (arts, design, cin\u00e9ma, th\u00e9\u00e2tre et musique) sont invit\u00e9s \u00e0 se r\u00e9unir pour interroger et inventer des formes qui portent le continent qu\u2019elles habitent. Pour explorer ces questions, les \u00e9tudiants de chaque \u00e9cole fran\u00e7aise pr\u00e9sente \u00e0&nbsp;<em style=\"user-select: auto;\">Eurofabrique&nbsp;<\/em>travailleront en partenariat avec ceux d\u2019une \u00e9cole d\u2019art europ\u00e9enne qu\u2019ils auront invit\u00e9e \u00e0 concevoir un projet commun. 35 \u00e9coles d\u2019art fran\u00e7aises europ\u00e9ennes participeront donc \u00e0&nbsp;<em style=\"user-select: auto;\">Eurofabrique<\/em>, accompagn\u00e9s d\u2019une 36\u00e8me&nbsp;\u00e9cole imagin\u00e9e pour l\u2019occasion, rassemblant des \u00e9tudiants r\u00e9fugi\u00e9s, en lien avec le Programme Etudiants Invit\u00e9s (PEI) et les artistes en exil r\u00e9sidents dans les \u00e9coles d\u2019art fran\u00e7aises gr\u00e2ce \u00e0 PAUSE, le Programme d\u2019Aide d\u2019Urgence aux Scientifiques et artistes en Exil.<\/p>\n\n\n\n<p>[br]Par groupes, les \u00e9tudiants pr\u00e9pareront et pr\u00e9senteront des projets qui questionneront les valeurs, les probl\u00e8mes et les d\u00e9bats de l\u2019Europe d\u2019aujourd\u2019hui. Les formes seront multiples, de la performance \u00e0 la sculpture en passant par la cr\u00e9ation de textiles, le dessin ou le son. Les sujets trait\u00e9s seront en lien avec certains aspects de l\u2019identit\u00e9 europ\u00e9enne tels que le langage, l\u2019\u00e9cologie, la question des fronti\u00e8res ou le folklore,&nbsp;dessinant collectivement les contours d\u2019un nouvel imaginaire commun et permettant d\u2019entamer un d\u00e9bat sur l\u2019avenir de l\u2019Europe.<\/p>\n\n\n\n<p>[br]Un projet de la Rmn &#8211; Grand Palais, de l\u2019\u00c9cole des Arts D\u00e9coratifs et l\u2019ANdEA \u2013 Association nationale des \u00e9coles sup\u00e9rieures d\u2019art labellis\u00e9 Pr\u00e9sidence Fran\u00e7aise du Conseil de l\u2019Union Europ\u00e9enne 2022.\u00a0\u00bb<\/p>\n\n\n\n<p>[br]Texte extrait du site de <strong style=\"user-select: auto;\"><a style=\"user-select: auto;\" href=\"https:\/\/www.grandpalais.fr\/fr\/evenement\/eurofabrique\" target=\"_blank\" rel=\"noreferrer noopener\">La R\u00e9union des mus\u00e9es nationaux &#8211; Grand Palais<\/a><\/strong> <\/p>\n\n\n\n<p><\/p>\n\n\n\n<p><a href=\"https:\/\/www.grandpalais.fr\/fr\/article\/ce-qui-vous-attend-pour-la-journee-du-10-fevrier-eurofabrique-au-grand-palais-ephemere\">Programme et informations pratiques<br><\/a><a href=\"https:\/\/www.grandpalais.fr\/fr\/article\/eurofabrique-un-atelier-dun-nouveau-genre-au-grand-palais-ephemere\">Tir\u00e9-\u00e0-part des\u00a0<em>Inrockuptibles<\/em><\/a><br><a href=\"https:\/\/www.artpress.com\/2022\/01\/13\/eurofabrique-europe-a-letude\/\">\u00ab\u00a0EuroFabrique, Europe \u00e0 l\u2019\u00e9tude \u2013 Interview d\u2019Emmanuel Tibloux\u00a0\u00bb,\u00a0<em>artpress<\/em>, f\u00e9vrier 2022<\/a><br><a href=\"https:\/\/presse.rmngp.fr\/eurofabrique\/\">Communiqu\u00e9 et dossier de presse (d\u00e9tail des projets)<\/a><br><a href=\"https:\/\/andea.fr\/wp-content\/uploads\/2021\/12\/EUROFABRIQUE-CP-dans-toutes-les-langues-20220111T102415Z-001.zip\">Communiqu\u00e9 dans toutes les langues<\/a><\/p>\n\n\n\n<p>[br]Liens extraits du site de<a href=\"https:\/\/andea.fr\/evenement\/eurofabrique-reinventer-leurope\/\" target=\"_blank\" rel=\"noreferrer noopener\"> l&rsquo;ANDEA<\/a><\/p>\n\n\n\n<div class=\"wp-block-columns is-layout-flex wp-container-core-columns-is-layout-9d6595d7 wp-block-columns-is-layout-flex\">\n<div class=\"wp-block-column is-layout-flow wp-block-column-is-layout-flow\">\n<div class=\"wp-block-image\"><figure class=\"aligncenter size-full\"><a href=\"https:\/\/www.grandpalais.fr\/fr\/article\/eurofabrique-un-atelier-dun-nouveau-genre-au-grand-palais-ephemere\" target=\"_blank\" rel=\"noopener\"><img loading=\"lazy\" decoding=\"async\" width=\"200\" height=\"200\" src=\"http:\/\/occ.esadorleans.fr\/europa-2022\/wp-content\/uploads\/sites\/10\/2022\/01\/RMN-GP_logoNoir_0.png\" alt=\"\" class=\"wp-image-330\" srcset=\"https:\/\/occ.esadorleans.fr\/europa-2022\/wp-content\/uploads\/sites\/10\/2022\/01\/RMN-GP_logoNoir_0.png 200w, https:\/\/occ.esadorleans.fr\/europa-2022\/wp-content\/uploads\/sites\/10\/2022\/01\/RMN-GP_logoNoir_0-150x150.png 150w\" sizes=\"auto, (max-width: 200px) 100vw, 200px\" \/><\/a><\/figure><\/div>\n<\/div>\n\n\n\n<div class=\"wp-block-column is-layout-flow wp-block-column-is-layout-flow\">\n<div class=\"wp-block-image\"><figure class=\"aligncenter size-large is-resized\"><a href=\"https:\/\/www.ensad.fr\/actualites\/eurofabrique\" target=\"_blank\" rel=\"noopener\"><img loading=\"lazy\" decoding=\"async\" src=\"http:\/\/occ.esadorleans.fr\/europa-2022\/wp-content\/uploads\/sites\/10\/2022\/01\/ensad-1024x765.jpeg\" alt=\"\" class=\"wp-image-326\" width=\"220\" height=\"164\" srcset=\"https:\/\/occ.esadorleans.fr\/europa-2022\/wp-content\/uploads\/sites\/10\/2022\/01\/ensad-1024x765.jpeg 1024w, https:\/\/occ.esadorleans.fr\/europa-2022\/wp-content\/uploads\/sites\/10\/2022\/01\/ensad-300x224.jpeg 300w, https:\/\/occ.esadorleans.fr\/europa-2022\/wp-content\/uploads\/sites\/10\/2022\/01\/ensad-768x574.jpeg 768w, https:\/\/occ.esadorleans.fr\/europa-2022\/wp-content\/uploads\/sites\/10\/2022\/01\/ensad-1536x1148.jpeg 1536w, https:\/\/occ.esadorleans.fr\/europa-2022\/wp-content\/uploads\/sites\/10\/2022\/01\/ensad-2048x1530.jpeg 2048w, https:\/\/occ.esadorleans.fr\/europa-2022\/wp-content\/uploads\/sites\/10\/2022\/01\/ensad-1240x926.jpeg 1240w, https:\/\/occ.esadorleans.fr\/europa-2022\/wp-content\/uploads\/sites\/10\/2022\/01\/ensad-508x380.jpeg 508w\" sizes=\"auto, (max-width: 220px) 100vw, 220px\" \/><\/a><\/figure><\/div>\n<\/div>\n\n\n\n<div class=\"wp-block-column is-layout-flow wp-block-column-is-layout-flow\">\n<div class=\"wp-block-image\"><figure class=\"aligncenter size-full is-resized\"><a href=\"https:\/\/andea.fr\/evenement\/eurofabrique-reinventer-leurope\/\" target=\"_blank\" rel=\"noopener\"><img loading=\"lazy\" decoding=\"async\" src=\"http:\/\/occ.esadorleans.fr\/europa-2022\/wp-content\/uploads\/sites\/10\/2022\/01\/AndEA.png\" alt=\"\" class=\"wp-image-325\" width=\"171\" height=\"170\" srcset=\"https:\/\/occ.esadorleans.fr\/europa-2022\/wp-content\/uploads\/sites\/10\/2022\/01\/AndEA.png 371w, https:\/\/occ.esadorleans.fr\/europa-2022\/wp-content\/uploads\/sites\/10\/2022\/01\/AndEA-300x300.png 300w, https:\/\/occ.esadorleans.fr\/europa-2022\/wp-content\/uploads\/sites\/10\/2022\/01\/AndEA-150x150.png 150w\" sizes=\"auto, (max-width: 171px) 100vw, 171px\" \/><\/a><\/figure><\/div>\n<\/div>\n<\/div>\n\n\n\n<p><\/p>\n","protected":false},"excerpt":{"rendered":"<p>\u00ab\u00a0Du 7 au 10 f\u00e9vrier 2022, dans le cadre de la Pr\u00e9sidence Fran\u00e7aise de l\u2019Union Europ\u00e9enne, le Grand Palais&nbsp;\u00c9ph\u00e9m\u00e8re pr\u00e9sente EuroFabrique (ouverture au public le 10 f\u00e9vrier 2022). [br]R\u00e9inventer l\u2019Europe : au coeur d\u2019EuroFabrique, le d\u00e9sir de donner la parole \u00e0 la jeunesse europ\u00e9enne, pour interroger l\u2019id\u00e9e d\u2019Europe et imaginer son futur. [br]Aujourd&rsquo;hui, qu\u2019est-ce qu\u2019\u00eatre [&hellip;]<\/p>\n","protected":false},"author":2,"featured_media":0,"parent":0,"menu_order":0,"comment_status":"closed","ping_status":"closed","template":"","meta":{"footnotes":""},"class_list":["post-324","page","type-page","status-publish","hentry"],"rttpg_featured_image_url":null,"rttpg_author":{"display_name":"CZ","author_link":"https:\/\/occ.esadorleans.fr\/europa-2022\/author\/cz\/"},"rttpg_comment":0,"rttpg_category":null,"rttpg_excerpt":"\u00ab\u00a0Du 7 au 10 f\u00e9vrier 2022, dans le cadre de la Pr\u00e9sidence Fran\u00e7aise de l\u2019Union Europ\u00e9enne, le Grand Palais&nbsp;\u00c9ph\u00e9m\u00e8re pr\u00e9sente EuroFabrique (ouverture au public le 10 f\u00e9vrier 2022). [br]R\u00e9inventer l\u2019Europe : au coeur d\u2019EuroFabrique, le d\u00e9sir de donner la parole \u00e0 la jeunesse europ\u00e9enne, pour interroger l\u2019id\u00e9e d\u2019Europe et imaginer son futur. [br]Aujourd&rsquo;hui, qu\u2019est-ce qu\u2019\u00eatre\u2026","_links":{"self":[{"href":"https:\/\/occ.esadorleans.fr\/europa-2022\/wp-json\/wp\/v2\/pages\/324","targetHints":{"allow":["GET"]}}],"collection":[{"href":"https:\/\/occ.esadorleans.fr\/europa-2022\/wp-json\/wp\/v2\/pages"}],"about":[{"href":"https:\/\/occ.esadorleans.fr\/europa-2022\/wp-json\/wp\/v2\/types\/page"}],"author":[{"embeddable":true,"href":"https:\/\/occ.esadorleans.fr\/europa-2022\/wp-json\/wp\/v2\/users\/2"}],"replies":[{"embeddable":true,"href":"https:\/\/occ.esadorleans.fr\/europa-2022\/wp-json\/wp\/v2\/comments?post=324"}],"version-history":[{"count":17,"href":"https:\/\/occ.esadorleans.fr\/europa-2022\/wp-json\/wp\/v2\/pages\/324\/revisions"}],"predecessor-version":[{"id":635,"href":"https:\/\/occ.esadorleans.fr\/europa-2022\/wp-json\/wp\/v2\/pages\/324\/revisions\/635"}],"wp:attachment":[{"href":"https:\/\/occ.esadorleans.fr\/europa-2022\/wp-json\/wp\/v2\/media?parent=324"}],"curies":[{"name":"wp","href":"https:\/\/api.w.org\/{rel}","templated":true}]}}